{"id":2938,"date":"2014-10-15T04:16:33","date_gmt":"2014-10-15T04:16:33","guid":{"rendered":"http:\/\/themes.themegoods.com\/altair\/demo\/?page_id=2938"},"modified":"2024-02-19T14:46:29","modified_gmt":"2024-02-19T14:46:29","slug":"sobre-nos","status":"publish","type":"page","link":"https:\/\/feelgo.pt\/pt\/sobre-nos\/","title":{"rendered":"Sobre N\u00f3s"},"content":{"rendered":"<div class=\"one withsmallpadding \">\n<div class=\"page_content_wrapper\">\n<div style=\"text-align: center;\">\n<div style=\"font-weight: bold; text-transform: uppercase; letter-spacing: 1px; color: #b63327; margin-top: 15px; margin-bottom: 15px;\">Sobre N\u00f3s<\/div>\n<h1 style=\"font-size: 18px; font-style: italic; font-weight: 600;\">Apaixonados por tudo o que a vida tem de glamoroso, de uma forma pessoal ou profissional.<\/h1>\n<p>O nosso prop\u00f3sito \u00e9 providenciar uma real e inesquec\u00edvel viagem que vai faz\u00ea-lo pensar que n\u00e3o quer ir embora.<\/p>\n<p>Queremos partilhar a nossa extraordin\u00e1ria e premium experi\u00eancia no mundo das experi\u00eancias na nossa regi\u00e3o.<\/p>\n<\/div>\n<\/div>\n<\/div>\n<div class=\"one withsmallpadding \">\n<div class=\"page_content_wrapper\">\n<div style=\"text-align: center;\">\n<div style=\"font-weight: bold; text-transform: uppercase; letter-spacing: 1px; color: #b63327; margin-top: -65px; margin-bottom: 15px;\">Miss\u00e3o<\/div>\n<h1 style=\"font-size: 18px; font-style: italic; font-weight: 600;\">Providenciar uma experi\u00eancia \u00fanica, exclusiva, premium e distinta.<\/h1>\n<\/div>\n<\/div>\n<\/div>\n<div class=\"one withsmallpadding \">\n<div class=\"page_content_wrapper\">\n<div style=\"text-align: center;\">\n<div style=\"font-weight: bold; text-transform: uppercase; letter-spacing: 1px; color: #b63327; margin-top: -65px; margin-bottom: 15px;\">Vis\u00e3o<\/div>\n<h1 style=\"font-size: 18px; font-style: italic; font-weight: 600;\">Criar um legado de mem\u00f3rias sensoriais, excel\u00eancias gastron\u00f3micas e locais verdadeiros .<\/h1>\n<\/div>\n<\/div>\n<\/div>\n<div class=\"one withsmallpadding \">\n<div class=\"page_content_wrapper\">\n<div style=\"text-align: center;\">\n<div style=\"font-weight: bold; text-transform: uppercase; letter-spacing: 1px; color: #b63327; margin-top: -65px; margin-bottom: 15px;\">Valores<\/div>\n<h1 style=\"font-size: 18px; font-style: italic; font-weight: 600;\">Exclusividade, excel\u00eancia, simplicidade, originalidade, intensidade<\/h1>\n<\/div>\n<\/div>\n<\/div>\n<div class=\"one skinbg\">\n<div class=\"page_content_wrapper promo_box_wrapper\">\n<div class=\"promo_box\"><a class=\"button transparent\" href=\"https:\/\/feelgo.pt\/pt\/contactos\/\">Marque o seu tour hoje!<\/a><\/p>\n<h5>Contacte-nos<\/h5>\n<p>N\u00e3o espero por amanh\u00e3, contacte-nos hoje e obtenha um or\u00e7amento para o seu pr\u00f3ximo passeio. Prometemos: n\u00e3o se vai arrepender!<\/p>\n<\/div>\n<\/div>\n<\/div>\n","protected":false},"excerpt":{"rendered":"<p>Sobre N\u00f3s Apaixonados por tudo o que a vida tem de glamoroso, de uma forma pessoal ou profissional. O nosso prop\u00f3sito \u00e9 providenciar uma real e inesquec\u00edvel viagem que vai faz\u00ea-lo pensar que n\u00e3o quer ir embora. Queremos partilhar a nossa extraordin\u00e1ria e premium experi\u00eancia no [&hellip;]<\/p>\n","protected":false},"author":1,"featured_media":3465,"parent":0,"menu_order":0,"comment_status":"open","ping_status":"open","template":"page_f.php","meta":{"_joinchat":[],"footnotes":""},"class_list":["post-2938","page","type-page","status-publish","has-post-thumbnail","hentry"],"_links":{"self":[{"href":"https:\/\/feelgo.pt\/pt\/wp-json\/wp\/v2\/pages\/2938","targetHints":{"allow":["GET"]}}],"collection":[{"href":"https:\/\/feelgo.pt\/pt\/wp-json\/wp\/v2\/pages"}],"about":[{"href":"https:\/\/feelgo.pt\/pt\/wp-json\/wp\/v2\/types\/page"}],"author":[{"embeddable":true,"href":"https:\/\/feelgo.pt\/pt\/wp-json\/wp\/v2\/users\/1"}],"replies":[{"embeddable":true,"href":"https:\/\/feelgo.pt\/pt\/wp-json\/wp\/v2\/comments?post=2938"}],"version-history":[{"count":60,"href":"https:\/\/feelgo.pt\/pt\/wp-json\/wp\/v2\/pages\/2938\/revisions"}],"predecessor-version":[{"id":3788,"href":"https:\/\/feelgo.pt\/pt\/wp-json\/wp\/v2\/pages\/2938\/revisions\/3788"}],"wp:featuredmedia":[{"embeddable":true,"href":"https:\/\/feelgo.pt\/pt\/wp-json\/wp\/v2\/media\/3465"}],"wp:attachment":[{"href":"https:\/\/feelgo.pt\/pt\/wp-json\/wp\/v2\/media?parent=2938"}],"curies":[{"name":"wp","href":"https:\/\/api.w.org\/{rel}","templated":true}]}}