{"id":3093,"date":"2014-10-17T10:58:26","date_gmt":"2014-10-17T10:58:26","guid":{"rendered":"http:\/\/themes.themegoods.com\/altair\/demo\/?page_id=3093"},"modified":"2018-08-02T22:18:17","modified_gmt":"2018-08-02T22:18:17","slug":"homepage","status":"publish","type":"page","link":"https:\/\/feelgo.pt\/pt\/","title":{"rendered":"Homepage"},"content":{"rendered":"<div class=\"ppb_tour one withpadding \" style=\"border-top:1px solid #e1e1e1;\" >\n<div class=\"page_content_wrapper full_width\" style=\"text-align:center\">\n<h2 class=\"ppb_title\">As Nossas Experi\u00eancias Premium e Exclusivas<\/h2>\n<div class=\"page_caption_desc\">Conhe\u00e7a a nossa oferta atual<\/div>\n<div class=\"portfolio_filter_wrapper three_cols fullwidth shortcode gallery section content clearfix\">\n<div class=\"element portfolio3filter_wrapper\">\n<div class=\"one_third gallery3 filterable gallery_type animated1\"><a href=\"https:\/\/feelgo.pt\/pt\/tours\/vale-do-douro-uma-experiecia-de-sensacoes\/\"><br \/>\n        \t\t    <img decoding=\"async\" src=\"https:\/\/feelgo.pt\/pt\/wp-content\/uploads\/2018\/05\/35491ab6-2234-41fd-9579-ee02d4400fd0-e1526468389250-560x460.jpg\" alt=\"\" \/><br \/>\n        \t\t<\/a><\/p>\n<div class=\"thumb_content fullwidth \">\n<div class=\"thumb_title\">\n<div class=\"tour_country\">\n\t            \t\tVale do Douro\n\t            \t<\/div>\n<h3>Uma Experi\u00eacia de Sensa\u00e7\u00f5es<\/h3>\n<\/p><\/div>\n<div class=\"thumb_meta\">\n<div class=\"tour_days\">\n\t            \t\t123 Days\n\t            \t<\/div>\n<div class=\"tour_price\">\n\t            \t\t\u20ac100\n\t            \t<\/div>\n<\/div>\n<\/div>\n<\/div>\n<\/div>\n<div class=\"element portfolio3filter_wrapper\">\n<div class=\"one_third gallery3 filterable gallery_type animated2\"><a href=\"https:\/\/feelgo.pt\/pt\/tours\/mergulhe-profundo-no-alto-minho\/\"><br \/>\n        \t\t    <img decoding=\"async\" src=\"https:\/\/feelgo.pt\/pt\/wp-content\/uploads\/2018\/05\/b0c9bd2e-93b6-4ed7-a195-1ef94df33325-560x460.jpg\" alt=\"\" \/><br \/>\n        \t\t<\/a><\/p>\n<div class=\"thumb_content fullwidth \">\n<div class=\"thumb_title\">\n<div class=\"tour_country\">\n\t            \t\tAlto Minho\n\t            \t<\/div>\n<h3>Mergulhe profundo no Alto Minho<\/h3>\n<\/p><\/div>\n<div class=\"thumb_meta\">\n<div class=\"tour_days\">\n\t            \t\t92 Days\n\t            \t<\/div>\n<div class=\"tour_price\">\n\t            \t\t\u20ac100\n\t            \t<\/div>\n<\/div>\n<\/div>\n<\/div>\n<\/div>\n<div class=\"element portfolio3filter_wrapper\">\n<div class=\"one_third gallery3 filterable gallery_type animated3\"><a href=\"https:\/\/feelgo.pt\/pt\/tours\/a-historia-encontra-a-beleza\/\"><br \/>\n        \t\t    <img decoding=\"async\" src=\"https:\/\/feelgo.pt\/pt\/wp-content\/uploads\/2018\/05\/a999708a-5b38-46bf-946a-a96234c39c87-560x460.jpg\" alt=\"\" \/><br \/>\n        \t\t<\/a><\/p>\n<div class=\"thumb_content fullwidth \">\n<div class=\"thumb_title\">\n<div class=\"tour_country\">\n\t            \t\tMinho\n\t            \t<\/div>\n<h3>A Hist\u00f3ria encontra a beleza<\/h3>\n<\/p><\/div>\n<div class=\"thumb_meta\">\n<div class=\"tour_days\">\n\t            \t\t93 Days\n\t            \t<\/div>\n<div class=\"tour_price\">\n\t            \t\t\u20ac100\n\t            \t<\/div>\n<\/div>\n<\/div>\n<\/div>\n<\/div>\n<\/div>\n<\/div>\n<\/div>\n<div class=\"one withsmallpadding \" >\n<div class=\"page_content_wrapper\" style=\"text-align:center\">\n<h2 class=\"ppb_title\">What Customers Say<\/h2>\n<p><\/p>\n<div class=\"testimonial_slider_wrapper\">\n<div class=\"flexslider\" data-height=\"750\">\n<ul class=\"slides\">\n<li>\n<div class=\"testimonial_slider_wrapper\">The food, the wine, the sunset\u2026 In a word\u2026 Stunning<\/p>\n<div class=\"testimonial_slider_meta\">\n<h6>Mark Wszolek, Poland<\/h6>\n<\/div>\n<\/div>\n<\/li>\n<li>\n<div class=\"testimonial_slider_wrapper\">Porto in a very different and personal way to see.<\/p>\n<div class=\"testimonial_slider_meta\">\n<h6>Lu\u00edsa Sampaio, Brasil<\/h6>\n<\/div>\n<\/div>\n<\/li>\n<li>\n<div class=\"testimonial_slider_wrapper\"><em>This is a fantastic service. The Douro Valley Tour is a MUST.<\/em><\/p>\n<div class=\"testimonial_slider_meta\">\n<h6>Michelle Dolores Pe\u00f1a, San Fransisco, US<\/h6>\n<\/div>\n<\/div>\n<\/li>\n<\/ul>\n<\/div>\n<\/div>\n<\/div>\n<\/div>\n<div class=\"one withsmallpadding withbg fullwidth parallax\" style=\"height:600px;\"  data-image=\"https:\/\/feelgo.pt\/pt\/wp-content\/uploads\/2018\/04\/hector-j-rivas-628158-unsplash.jpg\" data-width=\"2896\" data-height=\"1944\">\n<div class=\"page_content_wrapper\"><\/div>\n<\/div>\n<div class=\"one withsmallpadding \" >\n<div class=\"page_content_wrapper\">\n<div style=\"text-align:center\">\n<h2 class=\"ppb_title\">Porto, Portugal<\/h2>\n<div class=\"page_caption_desc\"><\/div>\n<\/div>\n<div class=\"two_third\">\nThe Portuguese city of Porto is best known for two things: its river, the Douro, and its Port Wine. But the historic hillside city itself should not be overlooked. One of the oldest cities in Europe, its maze of steep and narrow cobbled streets is home to beautiful plazas, churches and houses with colourfully tiled fa\u00e7ades. Outside the historic heart, the city has witnessed a renaissance, its seaside suburbs increasingly home to world-class contemporary architecture and cuisine.\n<\/div>\n<div class=\"one_third last\">\n<blockquote>\n<p>&#8220;From its stunning Beaux-Arts station to its cool bars serving Porto\u2019s signature drink, this charming city combines the best of old and new.&#8221; &#8211;\u00a0Nell McShane Wolfhart, The New York Times<\/p>\n<blockquote><\/div>\n<\/div>\n<\/div>\n<div class=\"one withsmallpadding withbg parallax \" data-image=\"https:\/\/feelgo.pt\/pt\/wp-content\/uploads\/2018\/04\/manolo-ameixa-611651-unsplash.jpg\" data-width=\"5385\" data-height=\"3585\">\n<div class=\"page_content_wrapper\" style=\"text-align:center\">\n<h2 class=\"ppb_title\">Porqu\u00ea Escolher-nos<\/h2>\n<div style=\"height:20px\"><\/div>\n<p><\/p>\n<div class=\"service_content_wrapper \">\n<div class=\"one_third \">\n<div class=\"service_wrapper\">\n<div class=\"service_icon\"><i class=\"fa fa-star\"><\/i><\/div>\n<div class=\"service_title\">\n<h3>Comfort and Style<\/h3>\n<div class=\"service_content\">Our experiences, team and vehicles are selected to provide you a stylish and absolutely comfortable journey or event.<\/div>\n<\/div>\n<\/div>\n<\/div>\n<div class=\"one_third \">\n<div class=\"service_wrapper\">\n<div class=\"service_icon\"><i class=\"fa fa-star\"><\/i><\/div>\n<div class=\"service_title\">\n<h3>Tailor Made Team<\/h3>\n<div class=\"service_content\">Our team was chosen in order to provide our customers the concept of our experiences and events. We are prepared for the details that make the real difference.<\/div>\n<\/div>\n<\/div>\n<\/div>\n<div class=\"one_third last\">\n<div class=\"service_wrapper\">\n<div class=\"service_icon\"><i class=\"fa fa-key\"><\/i><\/div>\n<div class=\"service_title\">\n<h3>Privacy and Exclusivity<\/h3>\n<div class=\"service_content\">Come to a journey where you, your family, and your friends can enjoy the experiences on your own.<\/div>\n<\/div>\n<\/div>\n<\/div>\n<p><br class=\"clear\"\/><\/div>\n<p><br class=\"clear\"\/><\/div>\n<\/div>\n<div class=\"one withsmallpadding withbg \" style=\"background-image:url(https:\/\/feelgo.pt\/pt\/wp-content\/uploads\/2018\/05\/011f46a6-1e6b-45b3-82d8-77b805430183.jpg);background-size:cover;margin-top:-1px;\" >\n<div class=\"page_content_wrapper fullwidth\" style=\"text-align:center\">\n<h2 class=\"ppb_title\">News &amp; Update<\/h2>\n<div class=\"page_caption_desc\">Our latest news &#038; promotions<\/div>\n<div id=\"blog_grid_wrapper\" class=\"sidebar_content full_width ppb_blog_posts\" style=\"text-align:left\">\n<div id=\"post-3722\" class=\"post type-post hentry status-publish\">\n<div class=\"post_wrapper grid_layout\" style=\"background-image:url('https:\/\/feelgo.pt\/pt\/wp-content\/uploads\/2018\/05\/7fe1f24e-86e0-4ddf-81a0-14bded462d95-Copy-1024x768.jpg');\">\n<div class=\"parallax_overlay_header\"><\/div>\n<div class=\"grid_wrapper\">\n<div class=\"post_header grid\"><a href=\"https:\/\/feelgo.pt\/pt\/2018\/06\/11\/douro-valley-senses-experience-promotional-video\/\" title=\"Douro Valley &#8211; Senses Experience Promotional Video\"><\/p>\n<h6>Douro Valley &#8211; Senses Experience Promotional Video<\/h6>\n<p><\/a><\/p>\n<div class=\"post_detail\">\n\t\t\t        On&nbsp;11 Junho, 2018\n\t\t\t    <\/div>\n<\/p><\/div>\n<\/p><\/div>\n<\/p><\/div>\n<\/div>\n<div id=\"post-3716\" class=\"post type-post hentry status-publish\">\n<div class=\"post_wrapper grid_layout\" style=\"background-image:url('https:\/\/feelgo.pt\/pt\/wp-content\/uploads\/2018\/05\/89c5efff-7502-442c-ab65-949afbc0839f-768x1024.jpg');\">\n<div class=\"parallax_overlay_header\"><\/div>\n<div class=\"grid_wrapper\">\n<div class=\"post_header grid\"><a href=\"https:\/\/feelgo.pt\/pt\/2018\/06\/09\/porto-living-like-a-local-promotional-video\/\" title=\"Porto &#8211; Living like a Local Promotional Video\"><\/p>\n<h6>Porto &#8211; Living like a Local Promotional Video<\/h6>\n<p><\/a><\/p>\n<div class=\"post_detail\">\n\t\t\t        On&nbsp;9 Junho, 2018\n\t\t\t    <\/div>\n<\/p><\/div>\n<\/p><\/div>\n<\/p><\/div>\n<\/div>\n<div id=\"post-3671\" class=\"post type-post hentry status-publish\">\n<div class=\"post_wrapper grid_layout\" style=\"background-image:url('https:\/\/feelgo.pt\/pt\/wp-content\/uploads\/2018\/05\/e39e927d-8533-4168-b1e4-f9df92f9420f-1024x768.jpg');\">\n<div class=\"parallax_overlay_header\"><\/div>\n<div class=\"grid_wrapper\">\n<div class=\"post_header grid\"><a href=\"https:\/\/feelgo.pt\/pt\/2018\/06\/09\/exploring-portugals-mesmerizing-minho-region\/\" title=\"Exploring Portugal\u2019s Mesmerizing Minho Region\"><\/p>\n<h6>Exploring Portugal\u2019s Mesmerizing Minho Region<\/h6>\n<p><\/a><\/p>\n<div class=\"post_detail\">\n\t\t\t        On&nbsp;9 Junho, 2018\n\t\t\t    <\/div>\n<\/p><\/div>\n<\/p><\/div>\n<\/p><\/div>\n<\/div>\n<div id=\"post-3682\" class=\"post type-post hentry status-publish\">\n<div class=\"post_wrapper grid_layout\" style=\"background-image:url('https:\/\/feelgo.pt\/pt\/wp-content\/uploads\/2018\/05\/d4c58388-38a3-432f-8e33-cb50b7a11173-1024x768.jpg');\">\n<div class=\"parallax_overlay_header\"><\/div>\n<div class=\"grid_wrapper\">\n<div class=\"post_header grid\"><a href=\"https:\/\/feelgo.pt\/pt\/2018\/06\/09\/june-is-a-good-month-to-visit-porto\/\" title=\"June is a good month to visit Porto\"><\/p>\n<h6>June is a good month to visit Porto<\/h6>\n<p><\/a><\/p>\n<div class=\"post_detail\">\n\t\t\t        On&nbsp;9 Junho, 2018\n\t\t\t    <\/div>\n<\/p><\/div>\n<\/p><\/div>\n<\/p><\/div>\n<\/div>\n<div id=\"post-3669\" class=\"post type-post hentry status-publish\">\n<div class=\"post_wrapper grid_layout\" style=\"background-image:url('https:\/\/feelgo.pt\/pt\/wp-content\/uploads\/2018\/05\/f08f09fe-c9e9-4eae-9433-b48736b981d5-1024x768.jpg');\">\n<div class=\"parallax_overlay_header\"><\/div>\n<div class=\"grid_wrapper\">\n<div class=\"post_header grid\"><a href=\"https:\/\/feelgo.pt\/pt\/2018\/06\/09\/the-top-12-things-to-do-in-the-douro-valley\/\" title=\"The Top 12 Things to Do in the Douro Valley\"><\/p>\n<h6>The Top 12 Things to Do in the Douro Valley<\/h6>\n<p><\/a><\/p>\n<div class=\"post_detail\">\n\t\t\t        On&nbsp;9 Junho, 2018\n\t\t\t    <\/div>\n<\/p><\/div>\n<\/p><\/div>\n<\/p><\/div>\n<\/div>\n<div id=\"post-3667\" class=\"post type-post hentry status-publish\">\n<div class=\"post_wrapper grid_layout\" style=\"background-image:url('https:\/\/feelgo.pt\/pt\/wp-content\/uploads\/2018\/05\/BRAGA_-1024x768.png');\">\n<div class=\"parallax_overlay_header\"><\/div>\n<div class=\"grid_wrapper\">\n<div class=\"post_header grid\"><a href=\"https:\/\/feelgo.pt\/pt\/2018\/06\/09\/the-top-6-things-to-do-in-braga-portugal\/\" title=\"The Top 6 Things to Do in Braga, Portugal\"><\/p>\n<h6>The Top 6 Things to Do in Braga, Portugal<\/h6>\n<p><\/a><\/p>\n<div class=\"post_detail\">\n\t\t\t        On&nbsp;9 Junho, 2018\n\t\t\t    <\/div>\n<\/p><\/div>\n<\/p><\/div>\n<\/p><\/div>\n<\/div>\n<div id=\"post-3500\" class=\"post type-post hentry status-publish\">\n<div class=\"post_wrapper grid_layout\" style=\"background-image:url('https:\/\/feelgo.pt\/pt\/wp-content\/uploads\/2018\/05\/6fdeb413-012c-4f84-a8de-b7419602a416-1024x768.jpg');\">\n<div class=\"parallax_overlay_header\"><\/div>\n<div class=\"grid_wrapper\">\n<div class=\"post_header grid\"><a href=\"https:\/\/feelgo.pt\/pt\/2018\/05\/17\/36-hours-in-porto\/\" title=\"36 Hours in Porto\"><\/p>\n<h6>36 Hours in Porto<\/h6>\n<p><\/a><\/p>\n<div class=\"post_detail\">\n\t\t\t        On&nbsp;17 Maio, 2018\n\t\t\t    <\/div>\n<\/p><\/div>\n<\/p><\/div>\n<\/p><\/div>\n<\/div>\n<div id=\"post-3507\" class=\"post type-post hentry status-publish\">\n<div class=\"post_wrapper grid_layout\" style=\"background-image:url('https:\/\/feelgo.pt\/pt\/wp-content\/uploads\/2018\/05\/kym-ellis-391585-unsplash-e1526408932202-1024x610.jpg');\">\n<div class=\"parallax_overlay_header\"><\/div>\n<div class=\"grid_wrapper\">\n<div class=\"post_header grid\"><a href=\"https:\/\/feelgo.pt\/pt\/2018\/05\/15\/ports-of-call-a-wine-tour-of-the-douro\/\" title=\"Ports of call: a wine tour of the Douro\"><\/p>\n<h6>Ports of call: a wine tour of the Douro<\/h6>\n<p><\/a><\/p>\n<div class=\"post_detail\">\n\t\t\t        On&nbsp;15 Maio, 2018\n\t\t\t    <\/div>\n<\/p><\/div>\n<\/p><\/div>\n<\/p><\/div>\n<\/div>\n<div id=\"post-3503\" class=\"post type-post hentry status-publish\">\n<div class=\"post_wrapper grid_layout\" style=\"background-image:url('https:\/\/feelgo.pt\/pt\/wp-content\/uploads\/2018\/05\/jason-leung-507832-unsplash-e1526382447498-1024x681.jpg');\">\n<div class=\"parallax_overlay_header\"><\/div>\n<div class=\"grid_wrapper\">\n<div class=\"post_header grid\"><a href=\"https:\/\/feelgo.pt\/pt\/2018\/05\/15\/new-direct-flight-connects-us-and-porto\/\" title=\"New direct flight connects United states and Porto\"><\/p>\n<h6>New direct flight connects United states and Porto<\/h6>\n<p><\/a><\/p>\n<div class=\"post_detail\">\n\t\t\t        On&nbsp;15 Maio, 2018\n\t\t\t    <\/div>\n<\/p><\/div>\n<\/p><\/div>\n<\/p><\/div>\n<\/div>\n<div id=\"post-3447\" class=\"post type-post hentry status-publish\">\n<div class=\"post_wrapper grid_layout\" style=\"background-image:url('https:\/\/feelgo.pt\/pt\/wp-content\/uploads\/2018\/04\/hector-j-rivas-628158-unsplash-1024x687.jpg');\">\n<div class=\"parallax_overlay_header\"><\/div>\n<div class=\"grid_wrapper\">\n<div class=\"post_header grid\"><a href=\"https:\/\/feelgo.pt\/pt\/2018\/05\/11\/porto-european-best-destination-2017\/\" title=\"Porto European Best Destination 2017\"><\/p>\n<h6>Porto European Best Destination 2017<\/h6>\n<p><\/a><\/p>\n<div class=\"post_detail\">\n\t\t\t        On&nbsp;11 Maio, 2018\n\t\t\t    <\/div>\n<\/p><\/div>\n<\/p><\/div>\n<\/p><\/div>\n<\/div>\n<\/div>\n<p><br class=\"clear\"\/><\/div>\n<\/div>\n","protected":false},"excerpt":{"rendered":"<p>As Nossas Experi\u00eancias Premium e Exclusivas Conhe\u00e7a a nossa oferta atual Vale do Douro Uma Experi\u00eacia de Sensa\u00e7\u00f5es 123 Days \u20ac100 Alto Minho Mergulhe profundo no Alto Minho 92 Days \u20ac100 Minho A Hist\u00f3ria encontra a beleza 93 Days \u20ac100 What Customers Say The food, the [&hellip;]<\/p>\n","protected":false},"author":1,"featured_media":0,"parent":0,"menu_order":0,"comment_status":"open","ping_status":"open","template":"page_f.php","meta":{"_joinchat":[],"footnotes":""},"class_list":["post-3093","page","type-page","status-publish","hentry"],"_links":{"self":[{"href":"https:\/\/feelgo.pt\/pt\/wp-json\/wp\/v2\/pages\/3093","targetHints":{"allow":["GET"]}}],"collection":[{"href":"https:\/\/feelgo.pt\/pt\/wp-json\/wp\/v2\/pages"}],"about":[{"href":"https:\/\/feelgo.pt\/pt\/wp-json\/wp\/v2\/types\/page"}],"author":[{"embeddable":true,"href":"https:\/\/feelgo.pt\/pt\/wp-json\/wp\/v2\/users\/1"}],"replies":[{"embeddable":true,"href":"https:\/\/feelgo.pt\/pt\/wp-json\/wp\/v2\/comments?post=3093"}],"version-history":[{"count":75,"href":"https:\/\/feelgo.pt\/pt\/wp-json\/wp\/v2\/pages\/3093\/revisions"}],"predecessor-version":[{"id":3746,"href":"https:\/\/feelgo.pt\/pt\/wp-json\/wp\/v2\/pages\/3093\/revisions\/3746"}],"wp:attachment":[{"href":"https:\/\/feelgo.pt\/pt\/wp-json\/wp\/v2\/media?parent=3093"}],"curies":[{"name":"wp","href":"https:\/\/api.w.org\/{rel}","templated":true}]}}