{"id":3287,"date":"2018-04-22T16:53:01","date_gmt":"2018-04-22T16:53:01","guid":{"rendered":"https:\/\/feelgo.pt\/pt\/?page_id=3287"},"modified":"2018-08-02T22:38:46","modified_gmt":"2018-08-02T22:38:46","slug":"reservas","status":"publish","type":"page","link":"https:\/\/feelgo.pt\/pt\/reservas\/","title":{"rendered":"Reservas"},"content":{"rendered":"<div class=\"frm_forms  with_frm_style frm_style_formidable-style\" id=\"frm_form_3_container\" >\n<form enctype=\"multipart\/form-data\" method=\"post\" class=\"frm-show-form  frm_pro_form \" id=\"form_m50fq\"  >\n<div class=\"frm_form_fields \">\n<fieldset>\n<legend class=\"frm_screen_reader\">Reservations<\/legend>\r\n\r\n<div class=\"frm_fields_container\">\n<input type=\"hidden\" name=\"frm_action\" value=\"create\" \/>\n<input type=\"hidden\" name=\"form_id\" value=\"3\" \/>\n<input type=\"hidden\" name=\"frm_hide_fields_3\" id=\"frm_hide_fields_3\" value=\"\" \/>\n<input type=\"hidden\" name=\"form_key\" value=\"m50fq\" \/>\n<input type=\"hidden\" name=\"item_meta[0]\" value=\"\" \/>\n<input type=\"hidden\" id=\"frm_submit_entry_3\" name=\"frm_submit_entry_3\" value=\"f3de804c59\" \/><input type=\"hidden\" name=\"_wp_http_referer\" value=\"\/pt\/wp-json\/wp\/v2\/pages\/3287\" \/><div id=\"frm_field_137_container\" class=\"frm_form_field form-field  frm_top_container frm6 frm_first\">\r\n    <div  id=\"field_v0ugg_label\" class=\"frm_primary_label\">Experi\u00eancia de grupo at\u00e9 4\r\n        <span class=\"frm_required\" aria-hidden=\"true\"><\/span>\r\n    <\/div>\r\n    <div class=\"frm_data_container\" aria-labelledby=\"field_v0ugg_label\" role=\"group\"><select name=\"item_meta[137]\" id=\"field_v0ugg\"  style=\"width:75%\" data-frmval=\"Vale do Douro | Uma Experi\u00eacia de Sensa\u00e7\u00f5es\" data-invmsg=\"Experi\u00eancia de grupo at\u00e9 4 is invalid\" class=\"auto_width\" aria-invalid=\"false\"  >\n\t<option value=\"Vale do Douro | Uma Experi\u00eacia de Sensa\u00e7\u00f5es\"  selected=\"selected\" data-frmprice=\"275\">\n\t\tVale do Douro | Uma Experi\u00eacia de Sensa\u00e7\u00f5es\t<\/option>\n\t<option value=\"Alto Minho | Mergulhe Profundo no Alto Minho\"  data-frmprice=\"245\">\n\t\tAlto Minho | Mergulhe Profundo no Alto Minho\t<\/option>\n\t<option value=\"Minho | A Hist\u00f3ria Encontra a Beleza\"  data-frmprice=\"275\">\n\t\tMinho | A Hist\u00f3ria Encontra a Beleza\t<\/option>\n\t<option value=\"Porto | Viver como um local\"  data-frmprice=\"160\">\n\t\tPorto | Viver como um local\t<\/option>\n<\/select>\n<\/div>\r\n    \r\n    \r\n<\/div>\n<div id=\"frm_field_138_container\" class=\"frm_form_field form-field  frm_required_field frm_top_container frm3\">\r\n    <label for=\"field_6yypz\" id=\"field_6yypz_label\" class=\"frm_primary_label\">Quantidade\r\n        <span class=\"frm_required\" aria-hidden=\"true\">*<\/span>\r\n    <\/label>\r\n    <input type=\"number\" id=\"field_6yypz\" name=\"item_meta[138]\" value=\"1\"  data-frmproduct=\"[&quot;137&quot;]\"  data-frmval=\"1\" data-reqmsg=\"This field cannot be blank.\" aria-required=\"true\" data-invmsg=\"Quantity is invalid\" aria-invalid=\"false\"   min=\"0\" max=\"9999999\" step=\"1\"\/>\r\n    \r\n    \r\n<\/div>\n<div id=\"frm_field_139_container\" class=\"frm_form_field form-field  frm_top_container frm3\">\r\n    <div id=\"field_xbdfl_label\" class=\"frm_primary_label\">Total<\/div>\r\n    <p class=\"frm_total_formatted\"><\/p>\r\n    <input type=\"hidden\" id=\"field_xbdfl\" name=\"item_meta[139]\" value=\"\"  data-frmtotal  data-invmsg=\"Total is invalid\" aria-invalid=\"false\"  \/>\r\n    \r\n    \r\n<\/div>\n<div id=\"frm_field_14_container\" class=\"frm_form_field form-field  frm_required_field frm_top_container frm_half frm_first\">\r\n    <label for=\"field_zs55d\" class=\"frm_primary_label\">Nome de Cliente\r\n        <span class=\"frm_required\">*<\/span>\r\n    <\/label>\r\n    <input type=\"text\" id=\"field_zs55d\" name=\"item_meta[14]\" value=\"\"  data-reqmsg=\"This field cannot be blank.\" aria-required=\"true\" data-invmsg=\"Text is invalid\" aria-invalid=\"false\"  \/>\r\n    \r\n    \r\n<\/div>\n<div id=\"frm_field_11_container\" class=\"frm_form_field form-field  frm_required_field frm_top_container frm_half frm_alignright\">\r\n    <label for=\"field_zixe7\" class=\"frm_primary_label\">Email\r\n        <span class=\"frm_required\">*<\/span>\r\n    <\/label>\r\n    <input type=\"email\" id=\"field_zixe7\" name=\"item_meta[11]\" value=\"\"  data-reqmsg=\"This field cannot be blank.\" aria-required=\"true\" data-invmsg=\"Email is invalid\" aria-invalid=\"false\"  \/>\r\n    \r\n    \r\n<\/div>\n<div id=\"frm_field_15_container\" class=\"frm_form_field form-field  frm_required_field frm_top_container frm_half frm_first\">\r\n    <label for=\"field_sohu4\" class=\"frm_primary_label\">Telem\u00f3vel\r\n        <span class=\"frm_required\">*<\/span>\r\n    <\/label>\r\n    <input type=\"tel\" id=\"field_sohu4\" name=\"item_meta[15]\" value=\"\"  data-reqmsg=\"This field cannot be blank.\" aria-required=\"true\" data-invmsg=\"Phone is invalid\" aria-invalid=\"false\" pattern=\"((\\+\\d{1,3}(-|.| )?\\(?\\d\\)?(-| |.)?\\d{1,5})|(\\(?\\d{2,6}\\)?))(-|.| )?(\\d{3,4})(-|.| )?(\\d{4})(( x| ext)\\d{1,5}){0,1}$\"  \/>\r\n    \r\n    \r\n<\/div>\n<div id=\"frm_field_103_container\" class=\"frm_form_field form-field  frm_top_container frm_half frm_alignright\">\r\n    <label for=\"field_untwx\" class=\"frm_primary_label\">Lingua\r\n        <span class=\"frm_required\"><\/span>\r\n    <\/label>\r\n    \t\t<select name=\"item_meta[103]\" id=\"field_untwx\"  data-frmval=\"Portugu\u00eas\" data-invmsg=\"Lingua is invalid\" aria-invalid=\"false\"  >\n\t\t\t\t<option  value=\"Portugu\u00eas\" selected=\"selected\">\n\t\t\tPortugu\u00eas\t\t<\/option>\n\t\t\t\t<option  value=\"English\">\n\t\t\tEnglish\t\t<\/option>\n\t\t\t\t<option  value=\"Espa\u00f1ol\">\n\t\t\tEspa\u00f1ol\t\t<\/option>\n\t\t\t\t<option  value=\"Francais\">\n\t\t\tFrancais\t\t<\/option>\n\t\t\t\t<option  value=\"Other\">\n\t\t\tOther\t\t<\/option>\n\t\t\t<\/select>\n\t\r\n    \r\n    \r\n<\/div>\n<div id=\"frm_field_73_container\" class=\"frm_form_field form-field  frm_required_field frm_top_container frm_half frm_first\">\r\n    <label for=\"field_q13m0\" class=\"frm_primary_label\">Data do passeio\r\n        <span class=\"frm_required\">*<\/span>\r\n    <\/label>\r\n    <input type=\"text\" id=\"field_q13m0\" name=\"item_meta[73]\" value=\"\"  maxlength=\"10\" data-reqmsg=\"This field cannot be blank.\" aria-required=\"true\" data-invmsg=\"Date is invalid\" class=\"frm_date\" aria-invalid=\"false\"  \/>\r\n    \r\n    \r\n<\/div>\n<div id=\"frm_field_74_container\" class=\"frm_form_field form-field  frm_required_field frm_top_container frm_half frm_alignright\">\r\n    <label for=\"field_8h8st\" class=\"frm_primary_label\">Hora Pickup\r\n        <span class=\"frm_required\">*<\/span>\r\n    <\/label>\r\n    <div class=\"frm_time_wrap\"><span dir=\"ltr\">\r\n<select aria-labelledby=\"field_8h8st_label\" name=\"item_meta[74][H]\" id=\"field_8h8st_H\"  data-frmval=\"{&quot;H&quot;:&quot;&quot;,&quot;m&quot;:&quot;&quot;,&quot;A&quot;:&quot;&quot;}\" data-reqmsg=\"This field cannot be blank.\" aria-required=\"true\" data-invmsg=\"Time is invalid\" class=\"auto_width frm_time_select\" aria-invalid=\"false\"  ><option value=\"\"  selected='selected'><\/option><option value=\"00\" >00<\/option><option value=\"01\" >01<\/option><option value=\"02\" >02<\/option><option value=\"03\" >03<\/option><option value=\"04\" >04<\/option><option value=\"05\" >05<\/option><option value=\"06\" >06<\/option><option value=\"07\" >07<\/option><option value=\"08\" >08<\/option><option value=\"09\" >09<\/option><option value=\"10\" >10<\/option><option value=\"11\" >11<\/option><option value=\"12\" >12<\/option><option value=\"13\" >13<\/option><option value=\"14\" >14<\/option><option value=\"15\" >15<\/option><option value=\"16\" >16<\/option><option value=\"17\" >17<\/option><option value=\"18\" >18<\/option><option value=\"19\" >19<\/option><option value=\"20\" >20<\/option><option value=\"21\" >21<\/option><option value=\"22\" >22<\/option><option value=\"23\" >23<\/option><\/select>\r\n<span class=\"frm_time_sep\">:<\/span>\r\n<select aria-labelledby=\"field_8h8st_label\" name=\"item_meta[74][m]\" id=\"field_8h8st_m\"  data-frmval=\"{&quot;H&quot;:&quot;&quot;,&quot;m&quot;:&quot;&quot;,&quot;A&quot;:&quot;&quot;}\" data-reqmsg=\"This field cannot be blank.\" aria-required=\"true\" data-invmsg=\"Time is invalid\" class=\"auto_width frm_time_select auto_width frm_time_select\" aria-invalid=\"false\"  ><option value=\"\"  selected='selected'><\/option><option value=\"00\" >00<\/option><option value=\"15\" >15<\/option><option value=\"30\" >30<\/option><option value=\"45\" >45<\/option><\/select>\r\n<\/span>\r\n<\/div>\r\n    \r\n    \r\n<\/div>\n<div id=\"frm_field_83_container\" class=\"frm_form_field form-field  frm_required_field frm_top_container frm_half frm_first\">\r\n    <label for=\"field_87orx\" class=\"frm_primary_label\">Morada Pickup\r\n        <span class=\"frm_required\">*<\/span>\r\n    <\/label>\r\n    <textarea name=\"item_meta[83]\" id=\"field_87orx\"  data-reqmsg=\"This field cannot be blank.\" aria-required=\"true\" data-invmsg=\"Morada Pickup is invalid\" aria-invalid=\"false\"  ><\/textarea>\r\n    \r\n    \r\n<\/div>\n<div id=\"frm_field_81_container\" class=\"frm_form_field form-field  frm_top_container frm_half frm_alignright\">\r\n    <label for=\"field_musf9\" class=\"frm_primary_label\">Promotion Code\r\n        <span class=\"frm_required\"><\/span>\r\n    <\/label>\r\n    <input type=\"text\" id=\"field_musf9\" name=\"item_meta[81]\" value=\"\"  data-invmsg=\"Text is invalid\" aria-invalid=\"false\"  \/>\r\n    \r\n    \r\n<\/div>\n<div id=\"frm_field_104_container\" class=\"frm_form_field form-field  frm_top_container frm_half frm_first\">\r\n    <label for=\"field_t008v\" class=\"frm_primary_label\">Total de Passageiros\r\n        <span class=\"frm_required\"><\/span>\r\n    <\/label>\r\n    \t\t<select name=\"item_meta[104]\" id=\"field_t008v\"  data-frmval=\"2\" data-invmsg=\"Total de Passageiros is invalid\" aria-invalid=\"false\"  >\n\t\t\t\t<option  value=\"2\" selected=\"selected\">\n\t\t\t2\t\t<\/option>\n\t\t\t\t<option  value=\"3\">\n\t\t\t3\t\t<\/option>\n\t\t\t\t<option  value=\"4\">\n\t\t\t4\t\t<\/option>\n\t\t\t\t<option  value=\"5\">\n\t\t\t5\t\t<\/option>\n\t\t\t\t<option  value=\"6\">\n\t\t\t6\t\t<\/option>\n\t\t\t\t<option  value=\"7\">\n\t\t\t7\t\t<\/option>\n\t\t\t\t<option  value=\"8\">\n\t\t\t8\t\t<\/option>\n\t\t\t<\/select>\n\t\r\n    \r\n    \r\n<\/div>\n<div id=\"frm_field_105_container\" class=\"frm_form_field form-field  frm_top_container frm_half frm_alignright\">\r\n    <label for=\"field_wdxmz\" class=\"frm_primary_label\">Total de Passageiros com menos de 5 anos\r\n        <span class=\"frm_required\"><\/span>\r\n    <\/label>\r\n    \t\t<select name=\"item_meta[105]\" id=\"field_wdxmz\"  data-frmval=\"0\" data-invmsg=\"Total de Passageiros com menos de 5 anos is invalid\" aria-invalid=\"false\"  >\n\t\t\t\t<option  value=\"0\" selected=\"selected\">\n\t\t\t0\t\t<\/option>\n\t\t\t\t<option  value=\"1\">\n\t\t\t1\t\t<\/option>\n\t\t\t\t<option  value=\"2\">\n\t\t\t2\t\t<\/option>\n\t\t\t\t<option  value=\"3\">\n\t\t\t3\t\t<\/option>\n\t\t\t\t<option  value=\"4\">\n\t\t\t4\t\t<\/option>\n\t\t\t<\/select>\n\t\r\n    \r\n    \r\n<\/div>\n<div id=\"frm_field_102_container\" class=\"frm_form_field form-field  frm_top_container\">\r\n    <label for=\"field_dgdeu\" class=\"frm_primary_label\">Informa\u00e7\u00e3o adicional\r\n        <span class=\"frm_required\"><\/span>\r\n    <\/label>\r\n    <textarea name=\"item_meta[102]\" id=\"field_dgdeu\"  data-invmsg=\"Informa\u00e7\u00e3o adicional is invalid\" aria-invalid=\"false\"  ><\/textarea>\r\n    \r\n    \r\n<\/div>\n<div id=\"frm_field_82_container\" class=\"frm_form_field form-field  frm_required_field frm_top_container vertical_radio\">\r\n    <label for=\"field_mo4mn\" class=\"frm_primary_label\">Termos de Condi\u00e7\u00f5es\r\n        <span class=\"frm_required\">*<\/span>\r\n    <\/label>\r\n    <div class=\"frm_opt_container\">\t\t<div class=\"frm_checkbox\" id=\"frm_checkbox_82-0\"><label for=\"field_mo4mn-0\"><input type=\"checkbox\" name=\"item_meta[82][]\" id=\"field_mo4mn-0\" value=\"Eu concordo com os &lt;a href=&quot;\/termos-e-condicoes&quot;&gt;termos e condi\u00e7\u00f5es&lt;\/a&gt;.\"  data-reqmsg=\"This field cannot be blank.\" aria-required=\"true\" data-invmsg=\"Termos de Condi\u00e7\u00f5es is invalid\" aria-invalid=\"false\"   \/> Eu concordo com os <a href=\"\/termos-e-condicoes\">termos e condi\u00e7\u00f5es<\/a>.<\/label><\/div>\n<\/div>\r\n    \r\n    \r\n<\/div>\n\t<input type=\"hidden\" name=\"item_key\" value=\"\" \/>\n\t\t\t\t<div class=\"frm_verify\" aria-hidden=\"true\">\n\t\t\t\t<label for=\"frm_email_3\">\n\t\t\t\t\tIf you are human, leave this field blank.\t\t\t\t<\/label>\n\t\t\t\t<input type=\"text\" class=\"frm_verify\" id=\"frm_email_3\" name=\"frm_verify\" value=\"\"  \/>\n\t\t\t<\/div>\n\t\t<input name=\"frm_state\" type=\"hidden\" value=\"rqRF3IZd0FVfM3autyOOwwslc8lCoAw0oBIFDuGMU7g=\" \/><div class=\"frm_submit\">\r\n\r\n<button class=\"frm_button_submit frm_final_submit\" type=\"submit\"   formnovalidate=\"formnovalidate\">Enviar<\/button>\r\n\r\n<\/div><\/div>\n<\/fieldset>\n<\/div>\n<p style=\"display: none !important;\"><label>&#916;<textarea name=\"ak_hp_textarea\" cols=\"45\" rows=\"8\" maxlength=\"100\"><\/textarea><\/label><input type=\"hidden\" id=\"ak_js_1\" name=\"ak_js\" value=\"225\"\/><script>document.getElementById( \"ak_js_1\" ).setAttribute( \"value\", ( new Date() ).getTime() );<\/script><\/p><\/form>\n<\/div>\n\n","protected":false},"excerpt":{"rendered":"","protected":false},"author":1,"featured_media":3303,"parent":0,"menu_order":0,"comment_status":"closed","ping_status":"closed","template":"","meta":{"_joinchat":[],"footnotes":""},"class_list":["post-3287","page","type-page","status-publish","has-post-thumbnail","hentry"],"_links":{"self":[{"href":"https:\/\/feelgo.pt\/pt\/wp-json\/wp\/v2\/pages\/3287","targetHints":{"allow":["GET"]}}],"collection":[{"href":"https:\/\/feelgo.pt\/pt\/wp-json\/wp\/v2\/pages"}],"about":[{"href":"https:\/\/feelgo.pt\/pt\/wp-json\/wp\/v2\/types\/page"}],"author":[{"embeddable":true,"href":"https:\/\/feelgo.pt\/pt\/wp-json\/wp\/v2\/users\/1"}],"replies":[{"embeddable":true,"href":"https:\/\/feelgo.pt\/pt\/wp-json\/wp\/v2\/comments?post=3287"}],"version-history":[{"count":3,"href":"https:\/\/feelgo.pt\/pt\/wp-json\/wp\/v2\/pages\/3287\/revisions"}],"predecessor-version":[{"id":3749,"href":"https:\/\/feelgo.pt\/pt\/wp-json\/wp\/v2\/pages\/3287\/revisions\/3749"}],"wp:featuredmedia":[{"embeddable":true,"href":"https:\/\/feelgo.pt\/pt\/wp-json\/wp\/v2\/media\/3303"}],"wp:attachment":[{"href":"https:\/\/feelgo.pt\/pt\/wp-json\/wp\/v2\/media?parent=3287"}],"curies":[{"name":"wp","href":"https:\/\/api.w.org\/{rel}","templated":true}]}}