{"id":3337,"date":"2018-05-05T09:12:17","date_gmt":"2018-05-05T09:12:17","guid":{"rendered":"https:\/\/feelgo.pt\/pt\/?page_id=3337"},"modified":"2018-08-02T22:13:34","modified_gmt":"2018-08-02T22:13:34","slug":"transfers","status":"publish","type":"page","link":"https:\/\/feelgo.pt\/pt\/transfers\/","title":{"rendered":"Transfers"},"content":{"rendered":"<p><strong><span style=\"color: #b63327;\">SENTE-SE, RELAXE, FIQUE CONFORT\u00c1VEL E N\u00d3S LEVAMO-LO.<\/span><\/strong><br \/>\nO nosso servi\u00e7o de transfers \u00e9 o caminho para chegar ao seu destino, de uma forma f\u00e1cil, executiva e privada.<br \/>\nConfian\u00e7a e profissionalismo s\u00e3o o nosso principal prop\u00f3sito.<\/p>\n<div class=\"frm_forms  with_frm_style frm_style_formidable-style\" id=\"frm_form_7_container\" >\n<form enctype=\"multipart\/form-data\" method=\"post\" class=\"frm-show-form  frm_pro_form \" id=\"form_o2ikx\"  >\n<div class=\"frm_form_fields \">\n<fieldset>\n<legend class=\"frm_screen_reader\">Transfer<\/legend>\r\n\r\n<div class=\"frm_fields_container\">\n<input type=\"hidden\" name=\"frm_action\" value=\"create\" \/>\n<input type=\"hidden\" name=\"form_id\" value=\"7\" \/>\n<input type=\"hidden\" name=\"frm_hide_fields_7\" id=\"frm_hide_fields_7\" value=\"\" \/>\n<input type=\"hidden\" name=\"form_key\" value=\"o2ikx\" \/>\n<input type=\"hidden\" name=\"item_meta[0]\" value=\"\" \/>\n<input type=\"hidden\" id=\"frm_submit_entry_7\" name=\"frm_submit_entry_7\" value=\"f3de804c59\" \/><input type=\"hidden\" name=\"_wp_http_referer\" value=\"\/pt\/wp-json\/wp\/v2\/pages\/3337\" \/><div id=\"frm_field_84_container\" class=\"frm_form_field form-field  frm_required_field frm_top_container frm_half frm_first\">\r\n    <label for=\"field_xcyk\" class=\"frm_primary_label\">Nome\r\n        <span class=\"frm_required\">*<\/span>\r\n    <\/label>\r\n    <input type=\"text\" id=\"field_xcyk\" name=\"item_meta[84]\" value=\"\"  data-reqmsg=\"This field cannot be blank.\" aria-required=\"true\" data-invmsg=\"Text is invalid\" aria-invalid=\"false\"  \/>\r\n    \r\n    \r\n<\/div>\n<div id=\"frm_field_85_container\" class=\"frm_form_field form-field  frm_required_field frm_top_container frm_half frm_alignright\">\r\n    <label for=\"field_5an2w\" class=\"frm_primary_label\">Email\r\n        <span class=\"frm_required\">*<\/span>\r\n    <\/label>\r\n    <input type=\"email\" id=\"field_5an2w\" name=\"item_meta[85]\" value=\"\"  data-reqmsg=\"This field cannot be blank.\" aria-required=\"true\" data-invmsg=\"Email is invalid\" aria-invalid=\"false\"  \/>\r\n    \r\n    \r\n<\/div>\n<div id=\"frm_field_86_container\" class=\"frm_form_field form-field  frm_required_field frm_top_container frm_half frm_first\">\r\n    <label for=\"field_a31dc\" class=\"frm_primary_label\">Telefone\r\n        <span class=\"frm_required\">*<\/span>\r\n    <\/label>\r\n    <input type=\"tel\" id=\"field_a31dc\" name=\"item_meta[86]\" value=\"\"  data-reqmsg=\"This field cannot be blank.\" aria-required=\"true\" data-invmsg=\"Phone is invalid\" aria-invalid=\"false\" pattern=\"((\\+\\d{1,3}(-|.| )?\\(?\\d\\)?(-| |.)?\\d{1,5})|(\\(?\\d{2,6}\\)?))(-|.| )?(\\d{3,4})(-|.| )?(\\d{4})(( x| ext)\\d{1,5}){0,1}$\"  \/>\r\n    \r\n    \r\n<\/div>\n<div id=\"frm_field_111_container\" class=\"frm_form_field form-field  frm_top_container frm_half frm_first\">\r\n    <label for=\"field_tobfn\" class=\"frm_primary_label\">Total de Passageiros\r\n        <span class=\"frm_required\"><\/span>\r\n    <\/label>\r\n    \t\t<select name=\"item_meta[111]\" id=\"field_tobfn\"  data-frmval=\"2\" data-invmsg=\"Total de Passageiros is invalid\" aria-invalid=\"false\"  >\n\t\t\t\t<option  value=\"2\" selected=\"selected\">\n\t\t\t2\t\t<\/option>\n\t\t\t\t<option  value=\"3\">\n\t\t\t3\t\t<\/option>\n\t\t\t\t<option  value=\"4\">\n\t\t\t4\t\t<\/option>\n\t\t\t\t<option  value=\"5\">\n\t\t\t5\t\t<\/option>\n\t\t\t\t<option  value=\"6\">\n\t\t\t6\t\t<\/option>\n\t\t\t\t<option  value=\"7\">\n\t\t\t7\t\t<\/option>\n\t\t\t\t<option  value=\"8\">\n\t\t\t8\t\t<\/option>\n\t\t\t<\/select>\n\t\r\n    \r\n    \r\n<\/div>\n<div id=\"frm_field_112_container\" class=\"frm_form_field form-field  frm_top_container frm_half frm_alignright\">\r\n    <label for=\"field_96grg\" class=\"frm_primary_label\">Total de Passageiros com menos de 5 anos\r\n        <span class=\"frm_required\"><\/span>\r\n    <\/label>\r\n    \t\t<select name=\"item_meta[112]\" id=\"field_96grg\"  data-frmval=\"0\" data-invmsg=\"Total de Passageiros com menos de 5 anos is invalid\" aria-invalid=\"false\"  >\n\t\t\t\t<option  value=\"0\" selected=\"selected\">\n\t\t\t0\t\t<\/option>\n\t\t\t\t<option  value=\"1\">\n\t\t\t1\t\t<\/option>\n\t\t\t\t<option  value=\"2\">\n\t\t\t2\t\t<\/option>\n\t\t\t\t<option  value=\"3\">\n\t\t\t3\t\t<\/option>\n\t\t\t\t<option  value=\"4\">\n\t\t\t4\t\t<\/option>\n\t\t\t<\/select>\n\t\r\n    \r\n    \r\n<\/div>\n<div id=\"frm_field_88_container\" class=\"frm_form_field form-field  frm_required_field frm_top_container frm_half frm_first\">\r\n    <label for=\"field_bjvxi\" class=\"frm_primary_label\">Morada Pickup\r\n        <span class=\"frm_required\">*<\/span>\r\n    <\/label>\r\n    <textarea name=\"item_meta[88]\" id=\"field_bjvxi\"  data-reqmsg=\"This field cannot be blank.\" aria-required=\"true\" data-invmsg=\"Morada Pickup is invalid\" aria-invalid=\"false\"  ><\/textarea>\r\n    \r\n    \r\n<\/div>\n<div id=\"frm_field_89_container\" class=\"frm_form_field form-field  frm_required_field frm_top_container frm_half frm_alignright\">\r\n    <label for=\"field_trm0z\" class=\"frm_primary_label\">Morada Drop-off \r\n        <span class=\"frm_required\">*<\/span>\r\n    <\/label>\r\n    <textarea name=\"item_meta[89]\" id=\"field_trm0z\"  data-reqmsg=\"This field cannot be blank.\" aria-required=\"true\" data-invmsg=\"Morada Drop-off  is invalid\" aria-invalid=\"false\"  ><\/textarea>\r\n    \r\n    \r\n<\/div>\n<div id=\"frm_field_90_container\" class=\"frm_form_field form-field  frm_required_field frm_top_container frm_half frm_first\">\r\n    <label for=\"field_ygf9l\" class=\"frm_primary_label\">Data Pickup \r\n        <span class=\"frm_required\">*<\/span>\r\n    <\/label>\r\n    <input type=\"text\" id=\"field_ygf9l\" name=\"item_meta[90]\" value=\"\"  maxlength=\"10\" data-reqmsg=\"This field cannot be blank.\" aria-required=\"true\" data-invmsg=\"Date is invalid\" class=\"frm_date\" aria-invalid=\"false\"  \/>\r\n    \r\n    \r\n<\/div>\n<div id=\"frm_field_91_container\" class=\"frm_form_field form-field  frm_required_field frm_top_container frm_half frm_alignright\">\r\n    <label for=\"field_x394k\" class=\"frm_primary_label\">Hora Pickup\r\n        <span class=\"frm_required\">*<\/span>\r\n    <\/label>\r\n    <div class=\"frm_time_wrap\"><span dir=\"ltr\">\r\n<select aria-labelledby=\"field_x394k_label\" name=\"item_meta[91][H]\" id=\"field_x394k_H\"  data-frmval=\"{&quot;H&quot;:&quot;&quot;,&quot;m&quot;:&quot;&quot;,&quot;A&quot;:&quot;&quot;}\" data-reqmsg=\"This field cannot be blank.\" aria-required=\"true\" data-invmsg=\"Time is invalid\" class=\"auto_width frm_time_select\" aria-invalid=\"false\"  ><option value=\"\"  selected='selected'><\/option><option value=\"12\" >12<\/option><option value=\"1\" >1<\/option><option value=\"2\" >2<\/option><option value=\"3\" >3<\/option><option value=\"4\" >4<\/option><option value=\"5\" >5<\/option><option value=\"6\" >6<\/option><option value=\"7\" >7<\/option><option value=\"8\" >8<\/option><option value=\"9\" >9<\/option><option value=\"10\" >10<\/option><option value=\"11\" >11<\/option><\/select>\r\n<span class=\"frm_time_sep\">:<\/span>\r\n<select aria-labelledby=\"field_x394k_label\" name=\"item_meta[91][m]\" id=\"field_x394k_m\"  data-frmval=\"{&quot;H&quot;:&quot;&quot;,&quot;m&quot;:&quot;&quot;,&quot;A&quot;:&quot;&quot;}\" data-reqmsg=\"This field cannot be blank.\" aria-required=\"true\" data-invmsg=\"Time is invalid\" class=\"auto_width frm_time_select auto_width frm_time_select\" aria-invalid=\"false\"  ><option value=\"\"  selected='selected'><\/option><option value=\"00\" >00<\/option><option value=\"30\" >30<\/option><\/select>\r\n<\/span>\r\n<select aria-labelledby=\"field_x394k_label\" name=\"item_meta[91][A]\" id=\"field_x394k_A\"  data-frmval=\"{&quot;H&quot;:&quot;&quot;,&quot;m&quot;:&quot;&quot;,&quot;A&quot;:&quot;&quot;}\" data-reqmsg=\"This field cannot be blank.\" aria-required=\"true\" data-invmsg=\"Time is invalid\" class=\"auto_width frm_time_select auto_width frm_time_select auto_width frm_time_select\" aria-invalid=\"false\"  ><option value=\"AM\" >AM<\/option><option value=\"PM\" >PM<\/option><\/select>\r\n<\/div>\r\n    \r\n    \r\n<\/div>\n<div id=\"frm_field_101_container\" class=\"frm_form_field form-field  frm_top_container frm_half frm_first\">\r\n    <label for=\"field_ytx0l\" class=\"frm_primary_label\">Informa\u00e7\u00e3o Adicional\r\n        <span class=\"frm_required\"><\/span>\r\n    <\/label>\r\n    <textarea name=\"item_meta[101]\" id=\"field_ytx0l\" rows=\"5\"  data-invmsg=\"Informa\u00e7\u00e3o Adicional is invalid\" aria-invalid=\"false\"  ><\/textarea>\r\n    \r\n    \r\n<\/div>\n<div id=\"frm_field_117_container\" class=\"frm_form_field form-field  frm_required_field frm_top_container vertical_radio\">\r\n    <label for=\"field_lon0p\" class=\"frm_primary_label\">Termos e Condi\u00e7\u00f5es\r\n        <span class=\"frm_required\">*<\/span>\r\n    <\/label>\r\n    <div class=\"frm_opt_container\">\t\t<div class=\"frm_checkbox\" id=\"frm_checkbox_117-0\"><label for=\"field_lon0p-0\"><input type=\"checkbox\" name=\"item_meta[117][]\" id=\"field_lon0p-0\" value=\"Eu concordo com os &lt;a href=&quot;\/termos-e-condicoes&quot;&gt;termos e condi\u00e7\u00f5es&lt;\/a&gt;.\"  data-reqmsg=\"This field cannot be blank.\" aria-required=\"true\" data-invmsg=\"Termos e Condi\u00e7\u00f5es is invalid\" aria-invalid=\"false\"   \/> Eu concordo com os <a href=\"\/termos-e-condicoes\">termos e condi\u00e7\u00f5es<\/a>.<\/label><\/div>\n<\/div>\r\n    \r\n    \r\n<\/div>\n<input type=\"hidden\" name=\"item_meta[119]\" id=\"field_v2035\" value=\"\"  data-invmsg=\"Confirmado is invalid\"   \/>\n<input type=\"hidden\" name=\"item_meta[120]\" id=\"field_w7lmt\" value=\"\"  data-invmsg=\"Text is invalid\"   \/>\n\t<input type=\"hidden\" name=\"item_key\" value=\"\" \/>\n\t<input name=\"frm_state\" type=\"hidden\" value=\"rqRF3IZd0FVfM3autyOOwwslc8lCoAw0oBIFDuGMU7g=\" \/><div class=\"frm_submit\">\r\n\r\n<button class=\"frm_button_submit frm_final_submit\" type=\"submit\"   formnovalidate=\"formnovalidate\">Enviar<\/button>\r\n\r\n<\/div><\/div>\n<\/fieldset>\n<\/div>\n<p style=\"display: none !important;\"><label>&#916;<textarea name=\"ak_hp_textarea\" cols=\"45\" rows=\"8\" maxlength=\"100\"><\/textarea><\/label><input type=\"hidden\" id=\"ak_js_1\" name=\"ak_js\" value=\"56\"\/><script>document.getElementById( \"ak_js_1\" ).setAttribute( \"value\", ( new Date() ).getTime() );<\/script><\/p><\/form>\n<\/div>\n\n","protected":false},"excerpt":{"rendered":"<p>SENTE-SE, RELAXE, FIQUE CONFORT\u00c1VEL E N\u00d3S LEVAMO-LO. O nosso servi\u00e7o de transfers \u00e9 o caminho para chegar ao seu destino, de uma forma f\u00e1cil, executiva e privada. Confian\u00e7a e profissionalismo s\u00e3o o nosso principal prop\u00f3sito.<\/p>\n","protected":false},"author":1,"featured_media":3399,"parent":0,"menu_order":0,"comment_status":"closed","ping_status":"closed","template":"","meta":{"_joinchat":[],"footnotes":""},"class_list":["post-3337","page","type-page","status-publish","has-post-thumbnail","hentry"],"_links":{"self":[{"href":"https:\/\/feelgo.pt\/pt\/wp-json\/wp\/v2\/pages\/3337","targetHints":{"allow":["GET"]}}],"collection":[{"href":"https:\/\/feelgo.pt\/pt\/wp-json\/wp\/v2\/pages"}],"about":[{"href":"https:\/\/feelgo.pt\/pt\/wp-json\/wp\/v2\/types\/page"}],"author":[{"embeddable":true,"href":"https:\/\/feelgo.pt\/pt\/wp-json\/wp\/v2\/users\/1"}],"replies":[{"embeddable":true,"href":"https:\/\/feelgo.pt\/pt\/wp-json\/wp\/v2\/comments?post=3337"}],"version-history":[{"count":10,"href":"https:\/\/feelgo.pt\/pt\/wp-json\/wp\/v2\/pages\/3337\/revisions"}],"predecessor-version":[{"id":3739,"href":"https:\/\/feelgo.pt\/pt\/wp-json\/wp\/v2\/pages\/3337\/revisions\/3739"}],"wp:featuredmedia":[{"embeddable":true,"href":"https:\/\/feelgo.pt\/pt\/wp-json\/wp\/v2\/media\/3399"}],"wp:attachment":[{"href":"https:\/\/feelgo.pt\/pt\/wp-json\/wp\/v2\/media?parent=3337"}],"curies":[{"name":"wp","href":"https:\/\/api.w.org\/{rel}","templated":true}]}}