{"id":3339,"date":"2018-05-05T09:12:28","date_gmt":"2018-05-05T09:12:28","guid":{"rendered":"https:\/\/feelgo.pt\/pt\/?page_id=3339"},"modified":"2018-08-02T22:14:26","modified_gmt":"2018-08-02T22:14:26","slug":"eventos","status":"publish","type":"page","link":"https:\/\/feelgo.pt\/pt\/eventos\/","title":{"rendered":"Eventos"},"content":{"rendered":"<p><strong><span style=\"color: #b63327;\">REUNA A SUA EQUIPA!<\/span><\/strong><br \/>\nPrecisa de um sitio especial para uma reuni\u00e3o, team building ou um evento de motiva\u00e7\u00e3o da sua empresa e colaboradores?<br \/>\nContacte-nos para um deslumbrante momento corporativo.<\/p>\n<div class=\"frm_forms  with_frm_style frm_style_formidable-style\" id=\"frm_form_8_container\" >\n<form enctype=\"multipart\/form-data\" method=\"post\" class=\"frm-show-form  frm_pro_form \" id=\"form_795fa\"  >\n<div class=\"frm_form_fields \">\n<fieldset>\n<legend class=\"frm_screen_reader\">Events<\/legend>\r\n\r\n<div class=\"frm_fields_container\">\n<input type=\"hidden\" name=\"frm_action\" value=\"create\" \/>\n<input type=\"hidden\" name=\"form_id\" value=\"8\" \/>\n<input type=\"hidden\" name=\"frm_hide_fields_8\" id=\"frm_hide_fields_8\" value=\"\" \/>\n<input type=\"hidden\" name=\"form_key\" value=\"795fa\" \/>\n<input type=\"hidden\" name=\"item_meta[0]\" value=\"\" \/>\n<input type=\"hidden\" id=\"frm_submit_entry_8\" name=\"frm_submit_entry_8\" value=\"f3de804c59\" \/><input type=\"hidden\" name=\"_wp_http_referer\" value=\"\/pt\/wp-json\/wp\/v2\/pages\/3339\" \/><div id=\"frm_field_94_container\" class=\"frm_form_field form-field  frm_required_field frm_top_container frm_half frm_first\">\r\n    <label for=\"field_fjibr\" class=\"frm_primary_label\">Nome\r\n        <span class=\"frm_required\">*<\/span>\r\n    <\/label>\r\n    <input type=\"text\" id=\"field_fjibr\" name=\"item_meta[94]\" value=\"\"  data-reqmsg=\"This field cannot be blank.\" aria-required=\"true\" data-invmsg=\"Text is invalid\" aria-invalid=\"false\"  \/>\r\n    \r\n    \r\n<\/div>\n<div id=\"frm_field_95_container\" class=\"frm_form_field form-field  frm_required_field frm_top_container frm_half frm_alignright\">\r\n    <label for=\"field_tt4gs\" class=\"frm_primary_label\">Email\r\n        <span class=\"frm_required\">*<\/span>\r\n    <\/label>\r\n    <input type=\"email\" id=\"field_tt4gs\" name=\"item_meta[95]\" value=\"\"  data-reqmsg=\"This field cannot be blank.\" aria-required=\"true\" data-invmsg=\"Email is invalid\" aria-invalid=\"false\"  \/>\r\n    \r\n    \r\n<\/div>\n<div id=\"frm_field_96_container\" class=\"frm_form_field form-field  frm_required_field frm_top_container frm_half frm_first\">\r\n    <label for=\"field_nd0gf\" class=\"frm_primary_label\">Telefone\r\n        <span class=\"frm_required\">*<\/span>\r\n    <\/label>\r\n    <input type=\"tel\" id=\"field_nd0gf\" name=\"item_meta[96]\" value=\"\"  data-reqmsg=\"This field cannot be blank.\" aria-required=\"true\" data-invmsg=\"Phone is invalid\" aria-invalid=\"false\" pattern=\"((\\+\\d{1,3}(-|.| )?\\(?\\d\\)?(-| |.)?\\d{1,5})|(\\(?\\d{2,6}\\)?))(-|.| )?(\\d{3,4})(-|.| )?(\\d{4})(( x| ext)\\d{1,5}){0,1}$\"  \/>\r\n    \r\n    \r\n<\/div>\n<div id=\"frm_field_97_container\" class=\"frm_form_field form-field  frm_required_field frm_top_container frm_half frm_alignright\">\r\n    <label for=\"field_qx9sf\" class=\"frm_primary_label\">N\u00famero de participantes\r\n        <span class=\"frm_required\">*<\/span>\r\n    <\/label>\r\n    <input type=\"text\" id=\"field_qx9sf\" name=\"item_meta[97]\" value=\"\"  data-reqmsg=\"This field cannot be blank.\" aria-required=\"true\" data-invmsg=\"Text is invalid\" aria-invalid=\"false\"  \/>\r\n    \r\n    \r\n<\/div>\n<div id=\"frm_field_99_container\" class=\"frm_form_field form-field  frm_required_field frm_top_container frm_half frm_first\">\r\n    <label for=\"field_tuqv4\" class=\"frm_primary_label\">O que procura\r\n        <span class=\"frm_required\">*<\/span>\r\n    <\/label>\r\n    \t\t<select name=\"item_meta[99]\" id=\"field_tuqv4\"  data-frmval=\"Evento motivacional\" data-reqmsg=\"This field cannot be blank.\" aria-required=\"true\" data-invmsg=\"O que procura is invalid\" aria-invalid=\"false\"  >\n\t\t\t\t<option  value=\"Evento motivacional\" selected=\"selected\">\n\t\t\tEvento motivacional\t\t<\/option>\n\t\t\t\t<option  value=\"Jantar\">\n\t\t\tJantar\t\t<\/option>\n\t\t\t\t<option  value=\"Almo\u00e7o\">\n\t\t\tAlmo\u00e7o\t\t<\/option>\n\t\t\t\t<option  value=\"Sunset\">\n\t\t\tSunset\t\t<\/option>\n\t\t\t<\/select>\n\t\r\n    \r\n    \r\n<\/div>\n<div id=\"frm_field_100_container\" class=\"frm_form_field form-field  frm_top_container frm_half frm_alignright\">\r\n    <label for=\"field_2g52r\" class=\"frm_primary_label\">Informa\u00e7\u00e3o adicional\r\n        <span class=\"frm_required\"><\/span>\r\n    <\/label>\r\n    <textarea name=\"item_meta[100]\" id=\"field_2g52r\"  data-invmsg=\"Informa\u00e7\u00e3o adicional is invalid\" aria-invalid=\"false\"  ><\/textarea>\r\n    \r\n    \r\n<\/div>\n<div id=\"frm_field_116_container\" class=\"frm_form_field form-field  frm_required_field frm_top_container vertical_radio\">\r\n    <label for=\"field_cf34e\" class=\"frm_primary_label\">Termos e Condi\u00e7\u00f5es\r\n        <span class=\"frm_required\">*<\/span>\r\n    <\/label>\r\n    <div class=\"frm_opt_container\">\t\t<div class=\"frm_checkbox\" id=\"frm_checkbox_116-0\"><label for=\"field_cf34e-0\"><input type=\"checkbox\" name=\"item_meta[116][]\" id=\"field_cf34e-0\" value=\"Eu concordo com os &lt;a href=&quot;\/termos-e-condicoes&quot;&gt;termos e condi\u00e7\u00f5es&lt;\/a&gt;.\"  data-reqmsg=\"This field cannot be blank.\" aria-required=\"true\" data-invmsg=\"Termos e Condi\u00e7\u00f5es is invalid\" aria-invalid=\"false\"   \/> Eu concordo com os <a href=\"\/termos-e-condicoes\">termos e condi\u00e7\u00f5es<\/a>.<\/label><\/div>\n<\/div>\r\n    \r\n    \r\n<\/div>\n\t<input type=\"hidden\" name=\"item_key\" value=\"\" \/>\n\t<input name=\"frm_state\" type=\"hidden\" value=\"rqRF3IZd0FVfM3autyOOwwslc8lCoAw0oBIFDuGMU7g=\" \/><div class=\"frm_submit\">\r\n\r\n<button class=\"frm_button_submit frm_final_submit\" type=\"submit\"   formnovalidate=\"formnovalidate\">Enviar<\/button>\r\n\r\n<\/div><\/div>\n<\/fieldset>\n<\/div>\n<p style=\"display: none !important;\"><label>&#916;<textarea name=\"ak_hp_textarea\" cols=\"45\" rows=\"8\" maxlength=\"100\"><\/textarea><\/label><input type=\"hidden\" id=\"ak_js_1\" name=\"ak_js\" value=\"123\"\/><script>document.getElementById( \"ak_js_1\" ).setAttribute( \"value\", ( new Date() ).getTime() );<\/script><\/p><\/form>\n<\/div>\n\n","protected":false},"excerpt":{"rendered":"<p>REUNA A SUA EQUIPA! Precisa de um sitio especial para uma reuni\u00e3o, team building ou um evento de motiva\u00e7\u00e3o da sua empresa e colaboradores? Contacte-nos para um deslumbrante momento corporativo.<\/p>\n","protected":false},"author":1,"featured_media":3406,"parent":0,"menu_order":0,"comment_status":"closed","ping_status":"closed","template":"","meta":{"_joinchat":[],"footnotes":""},"class_list":["post-3339","page","type-page","status-publish","has-post-thumbnail","hentry"],"_links":{"self":[{"href":"https:\/\/feelgo.pt\/pt\/wp-json\/wp\/v2\/pages\/3339","targetHints":{"allow":["GET"]}}],"collection":[{"href":"https:\/\/feelgo.pt\/pt\/wp-json\/wp\/v2\/pages"}],"about":[{"href":"https:\/\/feelgo.pt\/pt\/wp-json\/wp\/v2\/types\/page"}],"author":[{"embeddable":true,"href":"https:\/\/feelgo.pt\/pt\/wp-json\/wp\/v2\/users\/1"}],"replies":[{"embeddable":true,"href":"https:\/\/feelgo.pt\/pt\/wp-json\/wp\/v2\/comments?post=3339"}],"version-history":[{"count":9,"href":"https:\/\/feelgo.pt\/pt\/wp-json\/wp\/v2\/pages\/3339\/revisions"}],"predecessor-version":[{"id":3740,"href":"https:\/\/feelgo.pt\/pt\/wp-json\/wp\/v2\/pages\/3339\/revisions\/3740"}],"wp:featuredmedia":[{"embeddable":true,"href":"https:\/\/feelgo.pt\/pt\/wp-json\/wp\/v2\/media\/3406"}],"wp:attachment":[{"href":"https:\/\/feelgo.pt\/pt\/wp-json\/wp\/v2\/media?parent=3339"}],"curies":[{"name":"wp","href":"https:\/\/api.w.org\/{rel}","templated":true}]}}