{"id":3773,"date":"2024-02-19T14:25:00","date_gmt":"2024-02-19T14:25:00","guid":{"rendered":"https:\/\/feelgo.pt\/pt\/?page_id=3773"},"modified":"2024-02-19T14:25:18","modified_gmt":"2024-02-19T14:25:18","slug":"politica-de-privacidade","status":"publish","type":"page","link":"https:\/\/feelgo.pt\/pt\/politica-de-privacidade\/","title":{"rendered":"Pol\u00edtica de Privacidade"},"content":{"rendered":"\n<p>Esta p\u00e1gina divulga a pol\u00edtica de privacidade para&nbsp;feelgo.pt<\/p>\n\n\n\n<p>Este aviso de privacidade aplica-se apenas aos dados recolhidas por este site. Ele ir\u00e1 inform\u00e1-lo sobre o seguinte:<\/p>\n\n\n\n<ul class=\"wp-block-list\">\n<li>Quais os dados pessoais que s\u00e3o recolhidos atrav\u00e9s do site, como s\u00e3o usados e com quem podem ser partilhados.<\/li>\n\n\n\n<li>Como pode gerir os seus dados pessoais.<\/li>\n\n\n\n<li>Os procedimentos de seguran\u00e7a em vigor para proteger o uso indevido dos seus dados.<\/li>\n\n\n\n<li>Como pode corrigir quaisquer imprecis\u00f5es nos dados.<\/li>\n<\/ul>\n\n\n\n<p>Somos os \u00fanicos propriet\u00e1rios dos dados recolhidos neste site. N\u00f3s s\u00f3 temos acesso aos dados que nos fornece voluntariamente via e-mail ou outro contacto direto. N\u00e3o iremos vender ou ceder estes dados para ningu\u00e9m.<\/p>\n\n\n\n<p>Pode a qualquer momento entrar em contacto connosco por email&nbsp;geral@feelgo.pt ou telefone em&nbsp;<a href=\"tel:+351 937 064 387\">+351 937 064 387<\/a> a qualquer momento para:<\/p>\n\n\n\n<ul class=\"wp-block-list\">\n<li>Ver quais os seus dados que dispomos guardados;<\/li>\n\n\n\n<li>Alterar \/ corrigir os dados;<\/li>\n\n\n\n<li>Apagar todos os dados;<\/li>\n\n\n\n<li>Expressar qualquer preocupa\u00e7\u00e3o que tenha sobre o uso dos seus dados.<\/li>\n<\/ul>\n\n\n\n<p>Tomamos precau\u00e7\u00f5es para proteger sua informa\u00e7\u00e3o. Quando envia dados confidenciais atrav\u00e9s do site, os mesmos s\u00e3o protegidas online e offline.<\/p>\n\n\n\n<p><br>Embora usemos criptografia para proteger dados confidenciais transmitidos online, tamb\u00e9m protegemos os seus dados offline. Somente os funcion\u00e1rios que precisam dos seus dados pessoais para realizar um trabalho espec\u00edfico (por exemplo, fatura\u00e7\u00e3o ou atendimento ao cliente) t\u00eam acesso aos mesmos. Os computadores \/ servidores nos quais armazenamos dados pessoais s\u00e3o mantidos num ambiente seguro.<\/p>\n\n\n\n<p><br>Terceiros podem usar cookies, web beacons e outras tecnologias de armazenamento para recolher ou receber informa\u00e7\u00f5es deste site e usar essas informa\u00e7\u00f5es para fornecer servi\u00e7os de medi\u00e7\u00e3o e segmentar an\u00fancios.<\/p>\n\n\n\n<p><br>Se acha que n\u00e3o estamos a cumprir esta pol\u00edtica de privacidade, dever\u00e1 contactar-nos imediatamente para&nbsp;geral@feelgo.pt.<\/p>\n","protected":false},"excerpt":{"rendered":"<p>Esta p\u00e1gina divulga a pol\u00edtica de privacidade para&nbsp;feelgo.pt Este aviso de privacidade aplica-se apenas aos dados recolhidas por este site. Ele ir\u00e1 inform\u00e1-lo sobre o seguinte: Somos os \u00fanicos propriet\u00e1rios dos dados recolhidos neste site. N\u00f3s s\u00f3 temos acesso aos dados que nos fornece voluntariamente via [&hellip;]<\/p>\n","protected":false},"author":3,"featured_media":0,"parent":0,"menu_order":0,"comment_status":"closed","ping_status":"closed","template":"","meta":{"_joinchat":[],"footnotes":""},"class_list":["post-3773","page","type-page","status-publish","hentry"],"_links":{"self":[{"href":"https:\/\/feelgo.pt\/pt\/wp-json\/wp\/v2\/pages\/3773","targetHints":{"allow":["GET"]}}],"collection":[{"href":"https:\/\/feelgo.pt\/pt\/wp-json\/wp\/v2\/pages"}],"about":[{"href":"https:\/\/feelgo.pt\/pt\/wp-json\/wp\/v2\/types\/page"}],"author":[{"embeddable":true,"href":"https:\/\/feelgo.pt\/pt\/wp-json\/wp\/v2\/users\/3"}],"replies":[{"embeddable":true,"href":"https:\/\/feelgo.pt\/pt\/wp-json\/wp\/v2\/comments?post=3773"}],"version-history":[{"count":2,"href":"https:\/\/feelgo.pt\/pt\/wp-json\/wp\/v2\/pages\/3773\/revisions"}],"predecessor-version":[{"id":3775,"href":"https:\/\/feelgo.pt\/pt\/wp-json\/wp\/v2\/pages\/3773\/revisions\/3775"}],"wp:attachment":[{"href":"https:\/\/feelgo.pt\/pt\/wp-json\/wp\/v2\/media?parent=3773"}],"curies":[{"name":"wp","href":"https:\/\/api.w.org\/{rel}","templated":true}]}}